{"id":29,"date":"2021-09-20T13:47:56","date_gmt":"2021-09-20T13:47:56","guid":{"rendered":"https:\/\/elektro.itt.cz\/?page_id=29"},"modified":"2021-09-24T10:12:10","modified_gmt":"2021-09-24T10:12:10","slug":"contact","status":"publish","type":"page","link":"https:\/\/elektro.itt.cz\/?page_id=29","title":{"rendered":"Kontakt"},"content":{"rendered":"\n<div class=\"wp-block-columns alignfull is-layout-flex wp-container-core-columns-is-layout-9d6595d7 wp-block-columns-is-layout-flex\">\n<div class=\"wp-block-column is-layout-flow wp-block-column-is-layout-flow\">\n<div style=\"width: 100%\"><iframe scrolling=\"no\" marginheight=\"0\" marginwidth=\"0\" src=\"https:\/\/www.google.com\/maps\/embed?pb=!1m14!1m8!1m3!1d10248.969235293473!2d14.484763000000001!3d50.044292!3m2!1i1024!2i768!4f13.1!3m3!1m2!1s0x0%3A0x98523380ee8258aa!2sIT%20Technik%20S.r.o.!5e0!3m2!1scs!2scz!4v1632148030536!5m2!1scs!2scz\" style=\"border:0;\" allowfullscreen=\"\" loading=\"lazy\" width=\"100%\" height=\"500px\" frameborder=\"0\"><\/iframe><\/div>\n\n\n\n<p><\/p>\n<\/div>\n<\/div>\n\n\n\n<div class=\"wp-block-columns container is-layout-flex wp-container-core-columns-is-layout-9d6595d7 wp-block-columns-is-layout-flex\">\n<div class=\"wp-block-column is-vertically-aligned-center is-layout-flow wp-block-column-is-layout-flow\">\n<div class=\"wp-block-columns alignfull are-vertically-aligned-center is-layout-flex wp-container-core-columns-is-layout-9d6595d7 wp-block-columns-is-layout-flex\">\n<div class=\"wp-block-column is-vertically-aligned-center is-layout-flow wp-block-column-is-layout-flow\" style=\"flex-basis:50%\">\n<h4 class=\"has-text-align-left hestia-title has-black-color has-text-color wp-block-heading\" style=\"font-size:18px\"><img decoding=\"async\" class=\"wp-image-86\" style=\"width: 25px;\" src=\"https:\/\/elektro.itt.cz\/wp-content\/themes\/hestia\/assets\/img\/contact1.png\" alt=\"Map icon\">  Kde n\u00e1s najdete<\/h4>\n\n\n\n<p class=\"has-black-color has-text-color\"><strong>ITTechnik showroom Loxone<\/strong><\/p>\n\n\n\n<p class=\"has-text-align-left has-black-color has-text-color has-medium-font-size\"><strong>Jihov\u00fdchodn\u00ed II 750\/13<br>Praha 4<\/strong><br><\/p>\n\n\n\n<div style=\"height:40px\" aria-hidden=\"true\" class=\"wp-block-spacer\"><\/div>\n\n\n\n<h4 class=\"has-text-align-left hestia-title has-black-color has-text-color wp-block-heading\" style=\"font-size:18px\"><img decoding=\"async\" class=\"wp-image-98\" style=\"width: 25px;\" src=\"https:\/\/elektro.itt.cz\/wp-content\/themes\/hestia\/assets\/img\/contact2.png\" alt=\"\">  <strong><strong>Kontakt<\/strong><\/strong><\/h4>\n\n\n\n<p class=\"has-text-align-left has-black-color has-text-color\" style=\"font-size:14px\"><strong>Sv\u00e1\u0165a Bambas<\/strong><\/p>\n\n\n\n<p class=\"has-black-color has-text-color\"><strong><a href=\"tel:+420778883177\">+420 778 88 31 77<\/a><\/strong> | <a href=\"mailto:svata@itt.cz\">svata@itt.cz<\/a><\/p>\n<\/div>\n<\/div>\n<\/div>\n<\/div>\n\n\n\n<p><\/p>\n","protected":false},"excerpt":{"rendered":"<p>Kde n\u00e1s najdete ITTechnik showroom Loxone Jihov\u00fdchodn\u00ed II 750\/13Praha 4 Kontakt Sv\u00e1\u0165a Bambas +420 778 88 31 77 | svata@itt.cz<\/p>\n","protected":false},"author":1,"featured_media":21,"parent":0,"menu_order":0,"comment_status":"closed","ping_status":"closed","template":"page-templates\/template-pagebuilder-full-width.php","meta":{"footnotes":""},"class_list":["post-29","page","type-page","status-publish","has-post-thumbnail","hentry"],"yoast_head":"<!-- This site is optimized with the Yoast SEO plugin v26.4 - https:\/\/yoast.com\/wordpress\/plugins\/seo\/ -->\n<title>Kontakt - Elektro ITT<\/title>\n<meta name=\"robots\" content=\"index, follow, max-snippet:-1, max-image-preview:large, max-video-preview:-1\" \/>\n<link rel=\"canonical\" href=\"https:\/\/elektro.itt.cz\/?page_id=29\" \/>\n<meta property=\"og:locale\" content=\"en_US\" \/>\n<meta property=\"og:type\" content=\"article\" \/>\n<meta property=\"og:title\" content=\"Kontakt - Elektro ITT\" \/>\n<meta property=\"og:description\" content=\"Kde n\u00e1s najdete ITTechnik showroom Loxone Jihov\u00fdchodn\u00ed II 750\/13Praha 4 Kontakt Sv\u00e1\u0165a Bambas +420 778 88 31 77 | svata@itt.cz\" \/>\n<meta property=\"og:url\" content=\"https:\/\/elektro.itt.cz\/?page_id=29\" \/>\n<meta property=\"og:site_name\" content=\"Elektro ITT\" \/>\n<meta property=\"article:modified_time\" content=\"2021-09-24T10:12:10+00:00\" \/>\n<meta property=\"og:image\" content=\"https:\/\/elektro.itt.cz\/wp-content\/uploads\/2021\/09\/contact-1.jpg\" \/>\n\t<meta property=\"og:image:width\" content=\"1024\" \/>\n\t<meta property=\"og:image:height\" content=\"683\" \/>\n\t<meta property=\"og:image:type\" content=\"image\/jpeg\" \/>\n<meta name=\"twitter:card\" content=\"summary_large_image\" \/>\n<meta name=\"twitter:label1\" content=\"Est. reading time\" \/>\n\t<meta name=\"twitter:data1\" content=\"1 minute\" \/>\n<script type=\"application\/ld+json\" class=\"yoast-schema-graph\">{\"@context\":\"https:\/\/schema.org\",\"@graph\":[{\"@type\":\"WebPage\",\"@id\":\"https:\/\/elektro.itt.cz\/?page_id=29\",\"url\":\"https:\/\/elektro.itt.cz\/?page_id=29\",\"name\":\"Kontakt - Elektro ITT\",\"isPartOf\":{\"@id\":\"https:\/\/elektro.itt.cz\/#website\"},\"primaryImageOfPage\":{\"@id\":\"https:\/\/elektro.itt.cz\/?page_id=29#primaryimage\"},\"image\":{\"@id\":\"https:\/\/elektro.itt.cz\/?page_id=29#primaryimage\"},\"thumbnailUrl\":\"https:\/\/elektro.itt.cz\/wp-content\/uploads\/2021\/09\/contact-1.jpg\",\"datePublished\":\"2021-09-20T13:47:56+00:00\",\"dateModified\":\"2021-09-24T10:12:10+00:00\",\"breadcrumb\":{\"@id\":\"https:\/\/elektro.itt.cz\/?page_id=29#breadcrumb\"},\"inLanguage\":\"en-US\",\"potentialAction\":[{\"@type\":\"ReadAction\",\"target\":[\"https:\/\/elektro.itt.cz\/?page_id=29\"]}]},{\"@type\":\"ImageObject\",\"inLanguage\":\"en-US\",\"@id\":\"https:\/\/elektro.itt.cz\/?page_id=29#primaryimage\",\"url\":\"https:\/\/elektro.itt.cz\/wp-content\/uploads\/2021\/09\/contact-1.jpg\",\"contentUrl\":\"https:\/\/elektro.itt.cz\/wp-content\/uploads\/2021\/09\/contact-1.jpg\",\"width\":1024,\"height\":683},{\"@type\":\"BreadcrumbList\",\"@id\":\"https:\/\/elektro.itt.cz\/?page_id=29#breadcrumb\",\"itemListElement\":[{\"@type\":\"ListItem\",\"position\":1,\"name\":\"Home\",\"item\":\"https:\/\/elektro.itt.cz\/\"},{\"@type\":\"ListItem\",\"position\":2,\"name\":\"Kontakt\"}]},{\"@type\":\"WebSite\",\"@id\":\"https:\/\/elektro.itt.cz\/#website\",\"url\":\"https:\/\/elektro.itt.cz\/\",\"name\":\"Elektro ITT\",\"description\":\"\",\"publisher\":{\"@id\":\"https:\/\/elektro.itt.cz\/#organization\"},\"potentialAction\":[{\"@type\":\"SearchAction\",\"target\":{\"@type\":\"EntryPoint\",\"urlTemplate\":\"https:\/\/elektro.itt.cz\/?s={search_term_string}\"},\"query-input\":{\"@type\":\"PropertyValueSpecification\",\"valueRequired\":true,\"valueName\":\"search_term_string\"}}],\"inLanguage\":\"en-US\"},{\"@type\":\"Organization\",\"@id\":\"https:\/\/elektro.itt.cz\/#organization\",\"name\":\"Elektro ITT\",\"url\":\"https:\/\/elektro.itt.cz\/\",\"logo\":{\"@type\":\"ImageObject\",\"inLanguage\":\"en-US\",\"@id\":\"https:\/\/elektro.itt.cz\/#\/schema\/logo\/image\/\",\"url\":\"https:\/\/elektro.itt.cz\/wp-content\/uploads\/2021\/09\/cropped-logo.png\",\"contentUrl\":\"https:\/\/elektro.itt.cz\/wp-content\/uploads\/2021\/09\/cropped-logo.png\",\"width\":186,\"height\":48,\"caption\":\"Elektro ITT\"},\"image\":{\"@id\":\"https:\/\/elektro.itt.cz\/#\/schema\/logo\/image\/\"}}]}<\/script>\n<!-- \/ Yoast SEO plugin. -->","yoast_head_json":{"title":"Kontakt - Elektro ITT","robots":{"index":"index","follow":"follow","max-snippet":"max-snippet:-1","max-image-preview":"max-image-preview:large","max-video-preview":"max-video-preview:-1"},"canonical":"https:\/\/elektro.itt.cz\/?page_id=29","og_locale":"en_US","og_type":"article","og_title":"Kontakt - Elektro ITT","og_description":"Kde n\u00e1s najdete ITTechnik showroom Loxone Jihov\u00fdchodn\u00ed II 750\/13Praha 4 Kontakt Sv\u00e1\u0165a Bambas +420 778 88 31 77 | svata@itt.cz","og_url":"https:\/\/elektro.itt.cz\/?page_id=29","og_site_name":"Elektro ITT","article_modified_time":"2021-09-24T10:12:10+00:00","og_image":[{"width":1024,"height":683,"url":"https:\/\/elektro.itt.cz\/wp-content\/uploads\/2021\/09\/contact-1.jpg","type":"image\/jpeg"}],"twitter_card":"summary_large_image","twitter_misc":{"Est. reading time":"1 minute"},"schema":{"@context":"https:\/\/schema.org","@graph":[{"@type":"WebPage","@id":"https:\/\/elektro.itt.cz\/?page_id=29","url":"https:\/\/elektro.itt.cz\/?page_id=29","name":"Kontakt - Elektro ITT","isPartOf":{"@id":"https:\/\/elektro.itt.cz\/#website"},"primaryImageOfPage":{"@id":"https:\/\/elektro.itt.cz\/?page_id=29#primaryimage"},"image":{"@id":"https:\/\/elektro.itt.cz\/?page_id=29#primaryimage"},"thumbnailUrl":"https:\/\/elektro.itt.cz\/wp-content\/uploads\/2021\/09\/contact-1.jpg","datePublished":"2021-09-20T13:47:56+00:00","dateModified":"2021-09-24T10:12:10+00:00","breadcrumb":{"@id":"https:\/\/elektro.itt.cz\/?page_id=29#breadcrumb"},"inLanguage":"en-US","potentialAction":[{"@type":"ReadAction","target":["https:\/\/elektro.itt.cz\/?page_id=29"]}]},{"@type":"ImageObject","inLanguage":"en-US","@id":"https:\/\/elektro.itt.cz\/?page_id=29#primaryimage","url":"https:\/\/elektro.itt.cz\/wp-content\/uploads\/2021\/09\/contact-1.jpg","contentUrl":"https:\/\/elektro.itt.cz\/wp-content\/uploads\/2021\/09\/contact-1.jpg","width":1024,"height":683},{"@type":"BreadcrumbList","@id":"https:\/\/elektro.itt.cz\/?page_id=29#breadcrumb","itemListElement":[{"@type":"ListItem","position":1,"name":"Home","item":"https:\/\/elektro.itt.cz\/"},{"@type":"ListItem","position":2,"name":"Kontakt"}]},{"@type":"WebSite","@id":"https:\/\/elektro.itt.cz\/#website","url":"https:\/\/elektro.itt.cz\/","name":"Elektro ITT","description":"","publisher":{"@id":"https:\/\/elektro.itt.cz\/#organization"},"potentialAction":[{"@type":"SearchAction","target":{"@type":"EntryPoint","urlTemplate":"https:\/\/elektro.itt.cz\/?s={search_term_string}"},"query-input":{"@type":"PropertyValueSpecification","valueRequired":true,"valueName":"search_term_string"}}],"inLanguage":"en-US"},{"@type":"Organization","@id":"https:\/\/elektro.itt.cz\/#organization","name":"Elektro ITT","url":"https:\/\/elektro.itt.cz\/","logo":{"@type":"ImageObject","inLanguage":"en-US","@id":"https:\/\/elektro.itt.cz\/#\/schema\/logo\/image\/","url":"https:\/\/elektro.itt.cz\/wp-content\/uploads\/2021\/09\/cropped-logo.png","contentUrl":"https:\/\/elektro.itt.cz\/wp-content\/uploads\/2021\/09\/cropped-logo.png","width":186,"height":48,"caption":"Elektro ITT"},"image":{"@id":"https:\/\/elektro.itt.cz\/#\/schema\/logo\/image\/"}}]}},"_links":{"self":[{"href":"https:\/\/elektro.itt.cz\/index.php?rest_route=\/wp\/v2\/pages\/29","targetHints":{"allow":["GET"]}}],"collection":[{"href":"https:\/\/elektro.itt.cz\/index.php?rest_route=\/wp\/v2\/pages"}],"about":[{"href":"https:\/\/elektro.itt.cz\/index.php?rest_route=\/wp\/v2\/types\/page"}],"author":[{"embeddable":true,"href":"https:\/\/elektro.itt.cz\/index.php?rest_route=\/wp\/v2\/users\/1"}],"replies":[{"embeddable":true,"href":"https:\/\/elektro.itt.cz\/index.php?rest_route=%2Fwp%2Fv2%2Fcomments&post=29"}],"version-history":[{"count":32,"href":"https:\/\/elektro.itt.cz\/index.php?rest_route=\/wp\/v2\/pages\/29\/revisions"}],"predecessor-version":[{"id":338,"href":"https:\/\/elektro.itt.cz\/index.php?rest_route=\/wp\/v2\/pages\/29\/revisions\/338"}],"wp:featuredmedia":[{"embeddable":true,"href":"https:\/\/elektro.itt.cz\/index.php?rest_route=\/wp\/v2\/media\/21"}],"wp:attachment":[{"href":"https:\/\/elektro.itt.cz\/index.php?rest_route=%2Fwp%2Fv2%2Fmedia&parent=29"}],"curies":[{"name":"wp","href":"https:\/\/api.w.org\/{rel}","templated":true}]}}